{"id":825,"date":"2011-03-20T11:24:45","date_gmt":"2011-03-20T10:24:45","guid":{"rendered":"http:\/\/www.ostroleka.com.pl\/pzw-narew38\/?page_id=825"},"modified":"2024-11-25T17:09:00","modified_gmt":"2024-11-25T16:09:00","slug":"kontakt","status":"publish","type":"page","link":"https:\/\/www.pzwnarew.pl\/?page_id=825","title":{"rendered":"Kontakt"},"content":{"rendered":"<p><a href=\"http:\/\/www.ostroleka.com.pl\/pzw-narew38\/wp-content\/uploads\/2013\/05\/PZW-NAREW-Ostroleka.jpg\"><img loading=\"lazy\" decoding=\"async\" class=\"alignright wp-image-4342 size-medium\" src=\"http:\/\/www.pzwnarew.pl\/wp-content\/uploads\/2013\/05\/PZW-NAREW-Ostroleka-300x298.jpg\" alt=\"PZW NAREW Ostroleka\" width=\"300\" height=\"298\" srcset=\"https:\/\/www.pzwnarew.pl\/wp-content\/uploads\/2013\/05\/PZW-NAREW-Ostroleka-300x298.jpg 300w, https:\/\/www.pzwnarew.pl\/wp-content\/uploads\/2013\/05\/PZW-NAREW-Ostroleka-150x150.jpg 150w, https:\/\/www.pzwnarew.pl\/wp-content\/uploads\/2013\/05\/PZW-NAREW-Ostroleka-1024x1019.jpg 1024w, https:\/\/www.pzwnarew.pl\/wp-content\/uploads\/2013\/05\/PZW-NAREW-Ostroleka.jpg 1349w\" sizes=\"auto, (max-width: 300px) 100vw, 300px\" \/><\/a><img loading=\"lazy\" decoding=\"async\" class=\"alignnone wp-image-990 size-full\" title=\"logo_130\" src=\"http:\/\/www.pzwnarew.pl\/wp-content\/uploads\/2011\/03\/logo_130.gif\" alt=\"\" width=\"130\" height=\"130\" \/><\/p>\n<p><strong><span style=\"color: #808000;\">PZW Ko\u0142o NAREW Nr 38<\/span><\/strong><\/p>\n<p>ul.Chopina 4 (sklep w\u0119dkarski LIN)<br \/>\n07-410 Ostro\u0142\u0119ka<br \/>\ntel. 501397419<br \/>\nAdres e-mail: <a href=\"mailto:pzw.narew38@gmail.com\">pzw.narew38@gmail.com<\/a><\/p>\n<p>Prezes ko\u0142a A. Raszkiewicz\u00a0 tel. 601702804<\/p>\n<p>Pa\u0144stwowa stra\u017c rybacka Ostro\u0142\u0119ka &#8211; 502075998<\/p>\n<p>Jeste\u015bmy na facebook: <a href=\"http:\/\/www.facebook.pl\/narew38\">www.facebook.pl\/narew38<\/a><\/p>\n","protected":false},"excerpt":{"rendered":"<p>PZW Ko\u0142o NAREW Nr 38 ul.Chopina 4 (sklep w\u0119dkarski LIN) 07-410 Ostro\u0142\u0119ka tel. 501397419 Adres e-mail: pzw.narew38@gmail.com Prezes ko\u0142a A. Raszkiewicz\u00a0 tel. 601702804 Pa\u0144stwowa stra\u017c rybacka Ostro\u0142\u0119ka &#8211; 502075998 Jeste\u015bmy na facebook: www.facebook.pl\/narew38<\/p>\n","protected":false},"author":2,"featured_media":0,"parent":0,"menu_order":5,"comment_status":"closed","ping_status":"closed","template":"","meta":{"footnotes":""},"class_list":["post-825","page","type-page","status-publish","hentry"],"_links":{"self":[{"href":"https:\/\/www.pzwnarew.pl\/index.php?rest_route=\/wp\/v2\/pages\/825","targetHints":{"allow":["GET"]}}],"collection":[{"href":"https:\/\/www.pzwnarew.pl\/index.php?rest_route=\/wp\/v2\/pages"}],"about":[{"href":"https:\/\/www.pzwnarew.pl\/index.php?rest_route=\/wp\/v2\/types\/page"}],"author":[{"embeddable":true,"href":"https:\/\/www.pzwnarew.pl\/index.php?rest_route=\/wp\/v2\/users\/2"}],"replies":[{"embeddable":true,"href":"https:\/\/www.pzwnarew.pl\/index.php?rest_route=%2Fwp%2Fv2%2Fcomments&post=825"}],"version-history":[{"count":30,"href":"https:\/\/www.pzwnarew.pl\/index.php?rest_route=\/wp\/v2\/pages\/825\/revisions"}],"predecessor-version":[{"id":10168,"href":"https:\/\/www.pzwnarew.pl\/index.php?rest_route=\/wp\/v2\/pages\/825\/revisions\/10168"}],"wp:attachment":[{"href":"https:\/\/www.pzwnarew.pl\/index.php?rest_route=%2Fwp%2Fv2%2Fmedia&parent=825"}],"curies":[{"name":"wp","href":"https:\/\/api.w.org\/{rel}","templated":true}]}}