{"id":368,"date":"2011-03-18T01:06:27","date_gmt":"2011-03-18T00:06:27","guid":{"rendered":"http:\/\/www.ostroleka.com.pl\/pzw-narew38\/?page_id=368"},"modified":"2015-03-13T21:50:59","modified_gmt":"2015-03-13T20:50:59","slug":"ogloszenie","status":"publish","type":"page","link":"https:\/\/www.pzwnarew.pl\/?page_id=368","title":{"rendered":"Historia"},"content":{"rendered":"<p><img loading=\"lazy\" decoding=\"async\" class=\"alignleft wp-image-459 size-full\" title=\"rybacy\" src=\"http:\/\/www.pzwnarew.pl\/wp-content\/uploads\/2011\/03\/rybacy1.jpg\" alt=\"\" width=\"250\" height=\"188\" \/>&#8222;&#8230;<em>kt\u00f3\u017c z nas tych lat nie pomni, gdy jak m\u0142ode pachol\u0119 z w\u0119dk\u0105 w r\u0119ku, na wiosn\u0119 gromada amator\u00f3w w\u0119dkarzy rozpoczyna\u0142a co rok sezon. Wiosenna woda, obramowana drog\u0105 \u0141\u0119czyska, dost\u0119pna dla w\u0119dkuj\u0105cych z &#8222;suchego l\u0105du&#8221;, na lata zachowa\u0142a wie\u015bci przekazywane z ust do ust o wszystkim cokolwiek zdarzy\u0142o si\u0119 na nadrzeczu, o tym kto, ile i czego &#8222;na\u0142apa\u0142&#8221; na &#8222;Siekierce&#8221; op\u0142ywaj\u0105cej Dzbe\u0144sk\u0105 K\u0119p\u0119, czy te\u017c pod &#8222;wodokaczk\u0105&#8221;.<\/em><br \/>\n<em>Niewyt\u0142umaczalne by\u0142y dla nas zadomowienie si\u0119 pi\u0119knych okaz\u00f3w jazi, p\u0142oci, krasnopi\u00f3rek. Z biegiem czasu wie\u015bci o tych rybach przenikn\u0119\u0142y do r\u00f3\u017cnych &#8222;nietutejszych&#8221; &#8211; nasta\u0142 czas nieudanych pr\u00f3b \u0142apania ich na w\u0119dk\u0119&#8230;&#8221;<\/em> &#8211; wspomina pierwszy Prezes Ko\u0142a PZW w Ostro\u0142\u0119ce Pan Witold Popio\u0142ek w swojej ksi\u0105\u017cce &#8222;Narew pe\u0142na wspomnie\u0144&#8221;.<\/p>\n<p>Pan Witold Popio\u0142ek b\u0119dzie jednym z Go\u015bci Honorowych na jubileuszowym spotkaniu cz\u0142onk\u00f3w Ko\u0142a w marcu 2005 r. Bowiem Ko\u0142o Miejskie PZW &#8222;NAREW&#8221; w Ostro\u0142\u0119ce powsta\u0142o w 1950 roku.<br \/>\nPrzez 55 lat w Kole &#8222;przewin\u0119\u0142o&#8221; si\u0119 tysi\u0105ce cz\u0142onk\u00f3w &#8211; w\u0119dkarzy.<br \/>\nKo\u0142em kierowa\u0142o wielu Prezes\u00f3w, m.in.:<br \/>\nWitold Popio\u0142ek, Czes\u0142aw Stawowski, Henryk Chodakowski, J\u00f3zef Dylewski, Stanis\u0142aw Pliszka, Stanis\u0142aw Gawrychowski, Wies\u0142aw Szczube\u0142ek, Bogdan Kielak,\u00a0Andrzej Raszkiewicz\u00a0&#8211; obecnie.<\/p>\n<p>W 1976 roku sp\u0142on\u0119\u0142a siedziba Ko\u0142a przy ul. Inwalid\u00f3w Wojennych wraz z dokumentacj\u0105. Obecnie trwaj\u0105 prace nad odtworzeniem istotnych fakt\u00f3w i dokument\u00f3w celem uzupe\u0142nienia KRONIKI KO\u0141A i przygotowania JUBILEUSZU<\/p>\n<p><strong><a href=\"http:\/\/www.ostroleka.com.pl\/pzw-narew38\/wp-content\/uploads\/2011\/03\/budowa_hangarow_1.jpg\"><img loading=\"lazy\" decoding=\"async\" class=\"alignleft wp-image-460 size-medium\" title=\"Budowa hangar\u00f3w\" src=\"http:\/\/www.pzwnarew.pl\/wp-content\/uploads\/2011\/03\/budowa_hangarow_1-300x211.jpg\" alt=\"\" width=\"300\" height=\"211\" srcset=\"https:\/\/www.pzwnarew.pl\/wp-content\/uploads\/2011\/03\/budowa_hangarow_1-300x211.jpg 300w, https:\/\/www.pzwnarew.pl\/wp-content\/uploads\/2011\/03\/budowa_hangarow_1.jpg 800w\" sizes=\"auto, (max-width: 300px) 100vw, 300px\" \/><\/a>&#8222;Hangary PZW&#8221;<br \/>\n<\/strong>Rok 1978. Trwa budowa hangar\u00f3w na \u0142odzie na pla\u017cy miejskiej w Ostro\u0142\u0119ce, po przeprowadzce z siedziby na ul. Inwalid\u00f3w , kt\u00f3ra sp\u0142on\u0119\u0142a w po\u017carze (teren obecnego ryneczku). Istnia\u0142 wtedy Okr\u0119g PZW Ciechanowsko &#8211; Ostro\u0142\u0119cki.<br \/>\nNa zdj\u0119ciach widoczni s\u0105 prekursorzy (dzia\u0142acze) PZW, kt\u00f3rzy zaczynali budowa\u0107 podwaliny przysz\u0142ego okr\u0119gu ostro\u0142\u0119ckiego.<\/p>\n<p>Od lewej stoj\u0105 : Jarnutowski Ryszard, Dylewski J\u00f3zef, Pliszka Stanis\u0142aw i Mierzejewski Henryk.<\/p>\n<p><a href=\"http:\/\/www.ostroleka.com.pl\/pzw-narew38\/wp-content\/uploads\/2011\/03\/budowa_hang_02.jpg\"><img loading=\"lazy\" decoding=\"async\" class=\"alignnone wp-image-462 size-medium\" title=\"Budowa hangarow \" src=\"http:\/\/www.pzwnarew.pl\/wp-content\/uploads\/2011\/03\/budowa_hang_02-300x215.jpg\" alt=\"\" width=\"300\" height=\"215\" srcset=\"https:\/\/www.pzwnarew.pl\/wp-content\/uploads\/2011\/03\/budowa_hang_02-300x215.jpg 300w, https:\/\/www.pzwnarew.pl\/wp-content\/uploads\/2011\/03\/budowa_hang_02.jpg 800w\" sizes=\"auto, (max-width: 300px) 100vw, 300px\" \/><\/a><\/p>\n","protected":false},"excerpt":{"rendered":"<p>&#8222;&#8230;kt\u00f3\u017c z nas tych lat nie pomni, gdy jak m\u0142ode pachol\u0119 z w\u0119dk\u0105 w r\u0119ku, na wiosn\u0119 gromada amator\u00f3w w\u0119dkarzy rozpoczyna\u0142a co rok sezon. Wiosenna woda, obramowana drog\u0105 \u0141\u0119czyska, dost\u0119pna dla w\u0119dkuj\u0105cych z &#8222;suchego l\u0105du&#8221;, na lata zachowa\u0142a wie\u015bci przekazywane z ust do ust o wszystkim cokolwiek zdarzy\u0142o si\u0119 na nadrzeczu, o tym kto, ile i czego &#8222;na\u0142apa\u0142&#8221; na &#8222;Siekierce&#8221; op\u0142ywaj\u0105cej Dzbe\u0144sk\u0105 K\u0119p\u0119, czy te\u017c pod &#8222;wodokaczk\u0105&#8221;. Niewyt\u0142umaczalne by\u0142y dla nas zadomowienie si\u0119 pi\u0119knych okaz\u00f3w jazi, p\u0142oci, krasnopi\u00f3rek. Z biegiem&#8230;<\/p>\n<p class=\"read-more\"><a class=\"btn btn-default\" href=\"https:\/\/www.pzwnarew.pl\/?page_id=368\"> Read More<span class=\"screen-reader-text\">  Read More<\/span><\/a><\/p>\n","protected":false},"author":1,"featured_media":0,"parent":0,"menu_order":3,"comment_status":"closed","ping_status":"closed","template":"","meta":{"footnotes":""},"class_list":["post-368","page","type-page","status-publish","hentry"],"_links":{"self":[{"href":"https:\/\/www.pzwnarew.pl\/index.php?rest_route=\/wp\/v2\/pages\/368","targetHints":{"allow":["GET"]}}],"collection":[{"href":"https:\/\/www.pzwnarew.pl\/index.php?rest_route=\/wp\/v2\/pages"}],"about":[{"href":"https:\/\/www.pzwnarew.pl\/index.php?rest_route=\/wp\/v2\/types\/page"}],"author":[{"embeddable":true,"href":"https:\/\/www.pzwnarew.pl\/index.php?rest_route=\/wp\/v2\/users\/1"}],"replies":[{"embeddable":true,"href":"https:\/\/www.pzwnarew.pl\/index.php?rest_route=%2Fwp%2Fv2%2Fcomments&post=368"}],"version-history":[{"count":36,"href":"https:\/\/www.pzwnarew.pl\/index.php?rest_route=\/wp\/v2\/pages\/368\/revisions"}],"predecessor-version":[{"id":5926,"href":"https:\/\/www.pzwnarew.pl\/index.php?rest_route=\/wp\/v2\/pages\/368\/revisions\/5926"}],"wp:attachment":[{"href":"https:\/\/www.pzwnarew.pl\/index.php?rest_route=%2Fwp%2Fv2%2Fmedia&parent=368"}],"curies":[{"name":"wp","href":"https:\/\/api.w.org\/{rel}","templated":true}]}}